{"id":816,"date":"2024-02-16T11:27:46","date_gmt":"2024-02-16T08:27:46","guid":{"rendered":"https:\/\/todomada.com\/?page_id=816"},"modified":"2024-08-05T16:06:01","modified_gmt":"2024-08-05T13:06:01","slug":"kite-surf-madagascar-ifaty","status":"publish","type":"page","link":"https:\/\/todomada.com\/en\/kite-surf-madagascar-ifaty\/","title":{"rendered":"Kite Surf Madagascar"},"content":{"rendered":"<div data-elementor-type=\"wp-page\" data-elementor-id=\"816\" class=\"elementor elementor-816\" data-elementor-post-type=\"page\">\n\t\t\t\t<div class=\"elementor-element elementor-element-c357cc0 e-flex e-con-boxed e-con e-parent\" data-id=\"c357cc0\" data-element_type=\"container\" data-e-type=\"container\" data-settings=\"{&quot;ekit_has_onepagescroll_dot&quot;:&quot;yes&quot;}\">\n\t\t\t\t\t<div class=\"e-con-inner\">\n\t\t\t\t<div class=\"elementor-element elementor-element-29b04540 elementor-widget__width-initial elementor-widget elementor-widget-text-editor\" data-id=\"29b04540\" data-element_type=\"widget\" data-e-type=\"widget\" data-settings=\"{&quot;ekit_we_effect_on&quot;:&quot;none&quot;}\" data-widget_type=\"text-editor.default\">\n\t\t\t\t<div class=\"elementor-widget-container\">\n\t\t\t\t\t\t\t\t\t<h3 style=\"text-align: center;\"><span style=\"color: #ff6600;\">Kite surfing in Madagascar Ifaty<\/span><\/h3><p>Kite surfing at Ifaty with Yannick as instructor and his team, offers an unforgettable experience of gliding and freedom on the sea. <strong>Ambolimailaka lagoon<\/strong>A paradise for water sports enthusiasts. Thanks to the constant prevailing winds, conditions are ideal for safe sailing and enjoying this sensational activity to the full.<\/p><p>Yannick, an experienced and passionate instructor, guides participants through all the stages of learning to kitesurf. Whether you're a beginner or an experienced rider, he'll be able to adapt to your level and offer you personalised lessons so you can progress quickly and confidently.<\/p><p>Yannick's team is also on hand to guarantee your safety and accompany you throughout your session. Their expertise and in-depth knowledge of the Ambolimailaka lagoon enable them to guide you to the best spots and give you invaluable advice to maximise your pleasure and progress.<\/p><p>Imagine yourself on your board, gliding over the turquoise water of the lagoon, carried by the power of the wind. The feeling of freedom is indescribable. You feel at one with nature, in perfect harmony with the elements. The paradisiacal landscapes that surround you add a magical dimension to your experience, transporting you to another world.<\/p><p>As you gain in confidence and mastery, you can venture further out on the lagoon, exploring new horizons and discovering even more spectacular places. The possibilities are endless, and Yannick and his team are there to support you every step of the way.<\/p><p>Whether you're looking for an exciting sporting adventure, a family activity or a unique way to discover the natural beauty of the region, kite surfing in Ifaty with Yannick and his team is the perfect option. Get ready to experience unforgettable moments, push your limits and create memories that will stay with you forever.<\/p>\t\t\t\t\t\t\t\t<\/div>\n\t\t\t\t<\/div>\n\t\t\t\t<div class=\"elementor-element elementor-element-7cf6f4b6 elementor-widget elementor-widget-gallery\" data-id=\"7cf6f4b6\" data-element_type=\"widget\" data-e-type=\"widget\" data-settings=\"{&quot;content_sequenced_animation&quot;:&quot;yes&quot;,&quot;gap&quot;:{&quot;unit&quot;:&quot;px&quot;,&quot;size&quot;:0,&quot;sizes&quot;:[]},&quot;lazyload&quot;:&quot;yes&quot;,&quot;gallery_layout&quot;:&quot;grid&quot;,&quot;columns&quot;:4,&quot;columns_tablet&quot;:2,&quot;columns_mobile&quot;:1,&quot;gap_tablet&quot;:{&quot;unit&quot;:&quot;px&quot;,&quot;size&quot;:10,&quot;sizes&quot;:[]},&quot;gap_mobile&quot;:{&quot;unit&quot;:&quot;px&quot;,&quot;size&quot;:10,&quot;sizes&quot;:[]},&quot;link_to&quot;:&quot;file&quot;,&quot;aspect_ratio&quot;:&quot;3:2&quot;,&quot;overlay_background&quot;:&quot;yes&quot;,&quot;content_hover_animation&quot;:&quot;fade-in&quot;,&quot;ekit_we_effect_on&quot;:&quot;none&quot;}\" data-widget_type=\"gallery.default\">\n\t\t\t\t<div class=\"elementor-widget-container\">\n\t\t\t\t\t\t\t<div class=\"elementor-gallery__container\">\n\t\t\t\t\t\t\t<a class=\"e-gallery-item elementor-gallery-item elementor-animated-content\" href=\"https:\/\/todomada.com\/wp-content\/uploads\/2024\/01\/hotel-de-la-plage-64.jpg\" data-elementor-open-lightbox=\"yes\" data-elementor-lightbox-slideshow=\"7cf6f4b6\" data-elementor-lightbox-title=\"hotel de la plage 64\" data-e-action-hash=\"#elementor-action%3Aaction%3Dlightbox%26settings%3DeyJpZCI6Mzc1LCJ1cmwiOiJodHRwczpcL1wvdG9kb21hZGEuY29tXC93cC1jb250ZW50XC91cGxvYWRzXC8yMDI0XC8wMVwvaG90ZWwtZGUtbGEtcGxhZ2UtNjQuanBnIiwic2xpZGVzaG93IjoiN2NmNmY0YjYifQ%3D%3D\">\n\t\t\t\t\t<div class=\"e-gallery-image elementor-gallery-item__image\" data-thumbnail=\"https:\/\/todomada.com\/wp-content\/uploads\/2024\/01\/hotel-de-la-plage-64-500x333.jpg\" data-width=\"500\" data-height=\"333\" aria-label=\"\" role=\"img\" ><\/div>\n\t\t\t\t\t\t\t\t\t\t\t<div class=\"elementor-gallery-item__overlay\"><\/div>\n\t\t\t\t\t\t\t\t\t\t\t\t\t\t<\/a>\n\t\t\t\t\t\t\t<a class=\"e-gallery-item elementor-gallery-item elementor-animated-content\" href=\"https:\/\/todomada.com\/wp-content\/uploads\/2024\/01\/goto-mada_035.jpg\" data-elementor-open-lightbox=\"yes\" data-elementor-lightbox-slideshow=\"7cf6f4b6\" data-elementor-lightbox-title=\"goto-mada_035\" data-e-action-hash=\"#elementor-action%3Aaction%3Dlightbox%26settings%3DeyJpZCI6NDc3LCJ1cmwiOiJodHRwczpcL1wvdG9kb21hZGEuY29tXC93cC1jb250ZW50XC91cGxvYWRzXC8yMDI0XC8wMVwvZ290by1tYWRhXzAzNS5qcGciLCJzbGlkZXNob3ciOiI3Y2Y2ZjRiNiJ9\">\n\t\t\t\t\t<div class=\"e-gallery-image elementor-gallery-item__image\" data-thumbnail=\"https:\/\/todomada.com\/wp-content\/uploads\/2024\/01\/goto-mada_035-500x342.jpg\" data-width=\"500\" data-height=\"342\" aria-label=\"\" role=\"img\" ><\/div>\n\t\t\t\t\t\t\t\t\t\t\t<div class=\"elementor-gallery-item__overlay\"><\/div>\n\t\t\t\t\t\t\t\t\t\t\t\t\t\t<\/a>\n\t\t\t\t\t\t\t<a class=\"e-gallery-item elementor-gallery-item elementor-animated-content\" href=\"https:\/\/todomada.com\/wp-content\/uploads\/2024\/01\/todo-madagascar_86-1.jpeg\" data-elementor-open-lightbox=\"yes\" data-elementor-lightbox-slideshow=\"7cf6f4b6\" data-elementor-lightbox-title=\"todo-madagascar_86\" data-e-action-hash=\"#elementor-action%3Aaction%3Dlightbox%26settings%3DeyJpZCI6NDc0LCJ1cmwiOiJodHRwczpcL1wvdG9kb21hZGEuY29tXC93cC1jb250ZW50XC91cGxvYWRzXC8yMDI0XC8wMVwvdG9kby1tYWRhZ2FzY2FyXzg2LTEuanBlZyIsInNsaWRlc2hvdyI6IjdjZjZmNGI2In0%3D\">\n\t\t\t\t\t<div class=\"e-gallery-image elementor-gallery-item__image\" data-thumbnail=\"https:\/\/todomada.com\/wp-content\/uploads\/2024\/01\/todo-madagascar_86-1-500x332.jpeg\" data-width=\"500\" data-height=\"332\" aria-label=\"\" role=\"img\" ><\/div>\n\t\t\t\t\t\t\t\t\t\t\t<div class=\"elementor-gallery-item__overlay\"><\/div>\n\t\t\t\t\t\t\t\t\t\t\t\t\t\t<\/a>\n\t\t\t\t\t\t\t<a class=\"e-gallery-item elementor-gallery-item elementor-animated-content\" href=\"https:\/\/todomada.com\/wp-content\/uploads\/2024\/01\/goto-mada_032.jpg\" data-elementor-open-lightbox=\"yes\" data-elementor-lightbox-slideshow=\"7cf6f4b6\" data-elementor-lightbox-title=\"goto-mada_032\" data-e-action-hash=\"#elementor-action%3Aaction%3Dlightbox%26settings%3DeyJpZCI6NDc2LCJ1cmwiOiJodHRwczpcL1wvdG9kb21hZGEuY29tXC93cC1jb250ZW50XC91cGxvYWRzXC8yMDI0XC8wMVwvZ290by1tYWRhXzAzMi5qcGciLCJzbGlkZXNob3ciOiI3Y2Y2ZjRiNiJ9\">\n\t\t\t\t\t<div class=\"e-gallery-image elementor-gallery-item__image\" data-thumbnail=\"https:\/\/todomada.com\/wp-content\/uploads\/2024\/01\/goto-mada_032-500x375.jpg\" data-width=\"500\" data-height=\"375\" aria-label=\"\" role=\"img\" ><\/div>\n\t\t\t\t\t\t\t\t\t\t\t<div class=\"elementor-gallery-item__overlay\"><\/div>\n\t\t\t\t\t\t\t\t\t\t\t\t\t\t<\/a>\n\t\t\t\t\t\t\t<a class=\"e-gallery-item elementor-gallery-item elementor-animated-content\" href=\"https:\/\/todomada.com\/wp-content\/uploads\/2024\/01\/goto-mada_042.jpg\" data-elementor-open-lightbox=\"yes\" data-elementor-lightbox-slideshow=\"7cf6f4b6\" data-elementor-lightbox-title=\"goto-mada_042\" data-e-action-hash=\"#elementor-action%3Aaction%3Dlightbox%26settings%3DeyJpZCI6NDc4LCJ1cmwiOiJodHRwczpcL1wvdG9kb21hZGEuY29tXC93cC1jb250ZW50XC91cGxvYWRzXC8yMDI0XC8wMVwvZ290by1tYWRhXzA0Mi5qcGciLCJzbGlkZXNob3ciOiI3Y2Y2ZjRiNiJ9\">\n\t\t\t\t\t<div class=\"e-gallery-image elementor-gallery-item__image\" data-thumbnail=\"https:\/\/todomada.com\/wp-content\/uploads\/2024\/01\/goto-mada_042-500x375.jpg\" data-width=\"500\" data-height=\"375\" aria-label=\"\" role=\"img\" ><\/div>\n\t\t\t\t\t\t\t\t\t\t\t<div class=\"elementor-gallery-item__overlay\"><\/div>\n\t\t\t\t\t\t\t\t\t\t\t\t\t\t<\/a>\n\t\t\t\t\t\t\t<a class=\"e-gallery-item elementor-gallery-item elementor-animated-content\" href=\"https:\/\/todomada.com\/wp-content\/uploads\/2024\/01\/todo-madagascar_97.jpg\" data-elementor-open-lightbox=\"yes\" data-elementor-lightbox-slideshow=\"7cf6f4b6\" data-elementor-lightbox-title=\"todo-madagascar_97\" data-e-action-hash=\"#elementor-action%3Aaction%3Dlightbox%26settings%3DeyJpZCI6NDY4LCJ1cmwiOiJodHRwczpcL1wvdG9kb21hZGEuY29tXC93cC1jb250ZW50XC91cGxvYWRzXC8yMDI0XC8wMVwvdG9kby1tYWRhZ2FzY2FyXzk3LmpwZyIsInNsaWRlc2hvdyI6IjdjZjZmNGI2In0%3D\">\n\t\t\t\t\t<div class=\"e-gallery-image elementor-gallery-item__image\" data-thumbnail=\"https:\/\/todomada.com\/wp-content\/uploads\/2024\/01\/todo-madagascar_97-500x333.jpg\" data-width=\"500\" data-height=\"333\" aria-label=\"\" role=\"img\" ><\/div>\n\t\t\t\t\t\t\t\t\t\t\t<div class=\"elementor-gallery-item__overlay\"><\/div>\n\t\t\t\t\t\t\t\t\t\t\t\t\t\t<\/a>\n\t\t\t\t\t\t\t<a class=\"e-gallery-item elementor-gallery-item elementor-animated-content\" href=\"https:\/\/todomada.com\/wp-content\/uploads\/2024\/01\/todo-madagascar_86.jpeg\" data-elementor-open-lightbox=\"yes\" data-elementor-lightbox-slideshow=\"7cf6f4b6\" data-elementor-lightbox-title=\"todo-madagascar_86\" data-e-action-hash=\"#elementor-action%3Aaction%3Dlightbox%26settings%3DeyJpZCI6NDY3LCJ1cmwiOiJodHRwczpcL1wvdG9kb21hZGEuY29tXC93cC1jb250ZW50XC91cGxvYWRzXC8yMDI0XC8wMVwvdG9kby1tYWRhZ2FzY2FyXzg2LmpwZWciLCJzbGlkZXNob3ciOiI3Y2Y2ZjRiNiJ9\">\n\t\t\t\t\t<div class=\"e-gallery-image elementor-gallery-item__image\" data-thumbnail=\"https:\/\/todomada.com\/wp-content\/uploads\/2024\/01\/todo-madagascar_86-500x332.jpeg\" data-width=\"500\" data-height=\"332\" aria-label=\"\" role=\"img\" ><\/div>\n\t\t\t\t\t\t\t\t\t\t\t<div class=\"elementor-gallery-item__overlay\"><\/div>\n\t\t\t\t\t\t\t\t\t\t\t\t\t\t<\/a>\n\t\t\t\t\t\t\t<a class=\"e-gallery-item elementor-gallery-item elementor-animated-content\" href=\"https:\/\/todomada.com\/wp-content\/uploads\/2024\/01\/todo-madagascar_73.jpg\" data-elementor-open-lightbox=\"yes\" data-elementor-lightbox-slideshow=\"7cf6f4b6\" data-elementor-lightbox-title=\"todo-madagascar_73\" data-e-action-hash=\"#elementor-action%3Aaction%3Dlightbox%26settings%3DeyJpZCI6NDY2LCJ1cmwiOiJodHRwczpcL1wvdG9kb21hZGEuY29tXC93cC1jb250ZW50XC91cGxvYWRzXC8yMDI0XC8wMVwvdG9kby1tYWRhZ2FzY2FyXzczLmpwZyIsInNsaWRlc2hvdyI6IjdjZjZmNGI2In0%3D\">\n\t\t\t\t\t<div class=\"e-gallery-image elementor-gallery-item__image\" data-thumbnail=\"https:\/\/todomada.com\/wp-content\/uploads\/2024\/01\/todo-madagascar_73-500x335.jpg\" data-width=\"500\" data-height=\"335\" aria-label=\"\" role=\"img\" ><\/div>\n\t\t\t\t\t\t\t\t\t\t\t<div class=\"elementor-gallery-item__overlay\"><\/div>\n\t\t\t\t\t\t\t\t\t\t\t\t\t\t<\/a>\n\t\t\t\t\t<\/div>\n\t\t\t\t\t<\/div>\n\t\t\t\t<\/div>\n\t\t\t\t\t<\/div>\n\t\t\t\t<\/div>\n\t\t<div class=\"elementor-element elementor-element-507af367 e-flex e-con-boxed e-con e-parent\" data-id=\"507af367\" data-element_type=\"container\" data-e-type=\"container\" data-settings=\"{&quot;ekit_has_onepagescroll_dot&quot;:&quot;yes&quot;}\">\n\t\t\t\t\t<div class=\"e-con-inner\">\n\t\t\t\t<div class=\"elementor-element elementor-element-510c78a3 elementor-widget elementor-widget-shortcode\" data-id=\"510c78a3\" data-element_type=\"widget\" data-e-type=\"widget\" data-settings=\"{&quot;ekit_we_effect_on&quot;:&quot;none&quot;}\" data-widget_type=\"shortcode.default\">\n\t\t\t\t<div class=\"elementor-widget-container\">\n\t\t\t\t\t\t\t<div class=\"elementor-shortcode\">\n<div class=\"wpcf7 no-js\" id=\"wpcf7-f1-o1\" lang=\"fr-FR\" dir=\"ltr\" data-wpcf7-id=\"1\">\n<div class=\"screen-reader-response\"><p role=\"status\" aria-live=\"polite\" aria-atomic=\"true\"><\/p> <ul><\/ul><\/div>\n<form action=\"\/en\/wp-json\/wp\/v2\/pages\/816#wpcf7-f1-o1\" method=\"post\" class=\"wpcf7-form init\" aria-label=\"Contact form\" novalidate=\"novalidate\" data-status=\"init\" data-trp-original-action=\"\/en\/wp-json\/wp\/v2\/pages\/816#wpcf7-f1-o1\">\n<fieldset class=\"hidden-fields-container\"><input type=\"hidden\" name=\"_wpcf7\" value=\"1\" \/><input type=\"hidden\" name=\"_wpcf7_version\" value=\"6.1.5\" \/><input type=\"hidden\" name=\"_wpcf7_locale\" value=\"fr_FR\" \/><input type=\"hidden\" name=\"_wpcf7_unit_tag\" value=\"wpcf7-f1-o1\" \/><input type=\"hidden\" name=\"_wpcf7_container_post\" value=\"0\" \/><input type=\"hidden\" name=\"_wpcf7_posted_data_hash\" value=\"\" \/>\n<\/fieldset>\n<p><label> Your name<br \/>\n<span class=\"wpcf7-form-control-wrap\" data-name=\"your-name\"><input size=\"40\" maxlength=\"400\" class=\"wpcf7-form-control wpcf7-text wpcf7-validates-as-required\" autocomplete=\"name\" aria-required=\"true\" aria-invalid=\"false\" value=\"\" type=\"text\" name=\"your-name\" \/><\/span> <\/label>\n<\/p>\n<p><label> Your e-mail<br \/>\n<span class=\"wpcf7-form-control-wrap\" data-name=\"your-email\"><input size=\"40\" maxlength=\"400\" class=\"wpcf7-form-control wpcf7-email wpcf7-validates-as-required wpcf7-text wpcf7-validates-as-email\" autocomplete=\"email\" aria-required=\"true\" aria-invalid=\"false\" value=\"\" type=\"email\" name=\"your-email\" \/><\/span> <\/label>\n<\/p>\n<p><label> Object<br \/>\n<span class=\"wpcf7-form-control-wrap\" data-name=\"your-subject\"><input size=\"40\" maxlength=\"400\" class=\"wpcf7-form-control wpcf7-text wpcf7-validates-as-required\" aria-required=\"true\" aria-invalid=\"false\" value=\"\" type=\"text\" name=\"your-subject\" \/><\/span> <\/label>\n<\/p>\n<p><label> Your message (optional)<br \/>\n<span class=\"wpcf7-form-control-wrap\" data-name=\"your-message\"><textarea cols=\"40\" rows=\"10\" maxlength=\"2000\" class=\"wpcf7-form-control wpcf7-textarea\" aria-invalid=\"false\" name=\"your-message\"><\/textarea><\/span> <\/label>\n<\/p>\n<p><input class=\"wpcf7-form-control wpcf7-submit has-spinner\" type=\"submit\" value=\"Send\" \/>\n<\/p><div class=\"wpcf7-response-output\" aria-hidden=\"true\"><\/div>\n<input type=\"hidden\" name=\"trp-form-language\" value=\"en\"\/><\/form>\n<\/div>\n<\/div>\n\t\t\t\t\t\t<\/div>\n\t\t\t\t<\/div>\n\t\t\t\t\t<\/div>\n\t\t\t\t<\/div>\n\t\t\t\t<\/div>\n\t\t\n    <div class=\"xs_social_share_widget xs_share_url after_content \t\tmain_content  wslu-style-1 wslu-share-box-shaped wslu-fill-colored wslu-none wslu-share-horizontal wslu-theme-font-no wslu-main_content\">\n\n\t\t\n        <ul>\n\t\t\t        <\/ul>\n    <\/div>","protected":false},"excerpt":{"rendered":"<p>Kite surf \u00e0 Madagascar Ifaty Kite surf \u00e0 Ifaty avec Yannick comme instructeur et son \u00e9quipe, permet une exp\u00e9rience inoubliable de glisse et de libert\u00e9 sur<span class=\"excerpt-hellip\"> [\u2026]<\/span><\/p>\n","protected":false},"author":1,"featured_media":0,"parent":0,"menu_order":0,"comment_status":"closed","ping_status":"closed","template":"","meta":{"footnotes":""},"class_list":["post-816","page","type-page","status-publish","hentry"],"_links":{"self":[{"href":"https:\/\/todomada.com\/en\/wp-json\/wp\/v2\/pages\/816","targetHints":{"allow":["GET"]}}],"collection":[{"href":"https:\/\/todomada.com\/en\/wp-json\/wp\/v2\/pages"}],"about":[{"href":"https:\/\/todomada.com\/en\/wp-json\/wp\/v2\/types\/page"}],"author":[{"embeddable":true,"href":"https:\/\/todomada.com\/en\/wp-json\/wp\/v2\/users\/1"}],"replies":[{"embeddable":true,"href":"https:\/\/todomada.com\/en\/wp-json\/wp\/v2\/comments?post=816"}],"version-history":[{"count":17,"href":"https:\/\/todomada.com\/en\/wp-json\/wp\/v2\/pages\/816\/revisions"}],"predecessor-version":[{"id":1077,"href":"https:\/\/todomada.com\/en\/wp-json\/wp\/v2\/pages\/816\/revisions\/1077"}],"wp:attachment":[{"href":"https:\/\/todomada.com\/en\/wp-json\/wp\/v2\/media?parent=816"}],"curies":[{"name":"wp","href":"https:\/\/api.w.org\/{rel}","templated":true}]}}