{"id":581,"date":"2024-02-01T16:15:38","date_gmt":"2024-02-01T13:15:38","guid":{"rendered":"https:\/\/todomada.com\/?page_id=581"},"modified":"2024-02-02T09:26:49","modified_gmt":"2024-02-02T06:26:49","slug":"fat-bike","status":"publish","type":"page","link":"https:\/\/todomada.com\/en\/fat-bike\/","title":{"rendered":"Fat Bike to Ifaty"},"content":{"rendered":"<div data-elementor-type=\"wp-page\" data-elementor-id=\"581\" class=\"elementor elementor-581\" data-elementor-post-type=\"page\">\n\t\t\t\t<div class=\"elementor-element elementor-element-c1633c9 e-flex e-con-boxed e-con e-parent\" data-id=\"c1633c9\" data-element_type=\"container\" data-e-type=\"container\" data-settings=\"{&quot;ekit_has_onepagescroll_dot&quot;:&quot;yes&quot;}\">\n\t\t\t\t\t<div class=\"e-con-inner\">\n\t\t\t\t<div class=\"elementor-element elementor-element-f1a37b7 elementor-widget__width-initial elementor-widget elementor-widget-text-editor\" data-id=\"f1a37b7\" data-element_type=\"widget\" data-e-type=\"widget\" data-settings=\"{&quot;ekit_we_effect_on&quot;:&quot;none&quot;}\" data-widget_type=\"text-editor.default\">\n\t\t\t\t<div class=\"elementor-widget-container\">\n\t\t\t\t\t\t\t\t\t<p>Explore the vast stretches of white sand and crystal-clear waters of Ifaty, while discovering the wonders of the surrounding forest on a fatbike. This unique and memorable experience will transport you under Madagascar's radiant sunshine. Enjoy unforgettable moments as you discover the wealth of local flora and fauna, or soak up local customs and traditions. This sporting and peaceful adventure will leave you with unforgettable memories to share with your loved ones. Don't wait any longer to experience some incredible moments and join us now.<\/p>\t\t\t\t\t\t\t\t<\/div>\n\t\t\t\t<\/div>\n\t\t\t\t<div class=\"elementor-element elementor-element-8634ee2 elementor-widget elementor-widget-gallery\" data-id=\"8634ee2\" data-element_type=\"widget\" data-e-type=\"widget\" data-settings=\"{&quot;content_sequenced_animation&quot;:&quot;yes&quot;,&quot;lazyload&quot;:&quot;yes&quot;,&quot;gallery_layout&quot;:&quot;grid&quot;,&quot;columns&quot;:4,&quot;columns_tablet&quot;:2,&quot;columns_mobile&quot;:1,&quot;gap&quot;:{&quot;unit&quot;:&quot;px&quot;,&quot;size&quot;:10,&quot;sizes&quot;:[]},&quot;gap_tablet&quot;:{&quot;unit&quot;:&quot;px&quot;,&quot;size&quot;:10,&quot;sizes&quot;:[]},&quot;gap_mobile&quot;:{&quot;unit&quot;:&quot;px&quot;,&quot;size&quot;:10,&quot;sizes&quot;:[]},&quot;link_to&quot;:&quot;file&quot;,&quot;aspect_ratio&quot;:&quot;3:2&quot;,&quot;overlay_background&quot;:&quot;yes&quot;,&quot;content_hover_animation&quot;:&quot;fade-in&quot;,&quot;ekit_we_effect_on&quot;:&quot;none&quot;}\" data-widget_type=\"gallery.default\">\n\t\t\t\t<div class=\"elementor-widget-container\">\n\t\t\t\t\t\t\t<div class=\"elementor-gallery__container\">\n\t\t\t\t\t\t\t<a class=\"e-gallery-item elementor-gallery-item elementor-animated-content\" href=\"https:\/\/todomada.com\/wp-content\/uploads\/2024\/02\/todo-madagascar-0037-1.jpg\" data-elementor-open-lightbox=\"yes\" data-elementor-lightbox-slideshow=\"8634ee2\" data-elementor-lightbox-title=\"todo- madagascar - 0037\" data-e-action-hash=\"#elementor-action%3Aaction%3Dlightbox%26settings%3DeyJpZCI6NTYyLCJ1cmwiOiJodHRwczpcL1wvdG9kb21hZGEuY29tXC93cC1jb250ZW50XC91cGxvYWRzXC8yMDI0XC8wMlwvdG9kby1tYWRhZ2FzY2FyLTAwMzctMS5qcGciLCJzbGlkZXNob3ciOiI4NjM0ZWUyIn0%3D\">\n\t\t\t\t\t<div class=\"e-gallery-image elementor-gallery-item__image\" data-thumbnail=\"https:\/\/todomada.com\/wp-content\/uploads\/2024\/02\/todo-madagascar-0037-1-500x281.jpg\" data-width=\"500\" data-height=\"281\" aria-label=\"\" role=\"img\" ><\/div>\n\t\t\t\t\t\t\t\t\t\t\t<div class=\"elementor-gallery-item__overlay\"><\/div>\n\t\t\t\t\t\t\t\t\t\t\t\t\t\t<\/a>\n\t\t\t\t\t\t\t<a class=\"e-gallery-item elementor-gallery-item elementor-animated-content\" href=\"https:\/\/todomada.com\/wp-content\/uploads\/2024\/02\/todo-madagascar-0038-1.jpg\" data-elementor-open-lightbox=\"yes\" data-elementor-lightbox-slideshow=\"8634ee2\" data-elementor-lightbox-title=\"todo- madagascar - 0038\" data-e-action-hash=\"#elementor-action%3Aaction%3Dlightbox%26settings%3DeyJpZCI6NTYzLCJ1cmwiOiJodHRwczpcL1wvdG9kb21hZGEuY29tXC93cC1jb250ZW50XC91cGxvYWRzXC8yMDI0XC8wMlwvdG9kby1tYWRhZ2FzY2FyLTAwMzgtMS5qcGciLCJzbGlkZXNob3ciOiI4NjM0ZWUyIn0%3D\">\n\t\t\t\t\t<div class=\"e-gallery-image elementor-gallery-item__image\" data-thumbnail=\"https:\/\/todomada.com\/wp-content\/uploads\/2024\/02\/todo-madagascar-0038-1-500x281.jpg\" data-width=\"500\" data-height=\"281\" aria-label=\"\" role=\"img\" ><\/div>\n\t\t\t\t\t\t\t\t\t\t\t<div class=\"elementor-gallery-item__overlay\"><\/div>\n\t\t\t\t\t\t\t\t\t\t\t\t\t\t<\/a>\n\t\t\t\t\t\t\t<a class=\"e-gallery-item elementor-gallery-item elementor-animated-content\" href=\"https:\/\/todomada.com\/wp-content\/uploads\/2024\/02\/todo-madagascar-0021-1.jpg\" data-elementor-open-lightbox=\"yes\" data-elementor-lightbox-slideshow=\"8634ee2\" data-elementor-lightbox-title=\"todo- madagascar - 0021\" data-e-action-hash=\"#elementor-action%3Aaction%3Dlightbox%26settings%3DeyJpZCI6NTQ2LCJ1cmwiOiJodHRwczpcL1wvdG9kb21hZGEuY29tXC93cC1jb250ZW50XC91cGxvYWRzXC8yMDI0XC8wMlwvdG9kby1tYWRhZ2FzY2FyLTAwMjEtMS5qcGciLCJzbGlkZXNob3ciOiI4NjM0ZWUyIn0%3D\">\n\t\t\t\t\t<div class=\"e-gallery-image elementor-gallery-item__image\" data-thumbnail=\"https:\/\/todomada.com\/wp-content\/uploads\/2024\/02\/todo-madagascar-0021-1-500x281.jpg\" data-width=\"500\" data-height=\"281\" aria-label=\"\" role=\"img\" ><\/div>\n\t\t\t\t\t\t\t\t\t\t\t<div class=\"elementor-gallery-item__overlay\"><\/div>\n\t\t\t\t\t\t\t\t\t\t\t\t\t\t<\/a>\n\t\t\t\t\t\t\t<a class=\"e-gallery-item elementor-gallery-item elementor-animated-content\" href=\"https:\/\/todomada.com\/wp-content\/uploads\/2024\/02\/todo-madagascar-0014.jpg\" data-elementor-open-lightbox=\"yes\" data-elementor-lightbox-slideshow=\"8634ee2\" data-elementor-lightbox-title=\"todo- madagascar - 0014\" data-e-action-hash=\"#elementor-action%3Aaction%3Dlightbox%26settings%3DeyJpZCI6NTAwLCJ1cmwiOiJodHRwczpcL1wvdG9kb21hZGEuY29tXC93cC1jb250ZW50XC91cGxvYWRzXC8yMDI0XC8wMlwvdG9kby1tYWRhZ2FzY2FyLTAwMTQuanBnIiwic2xpZGVzaG93IjoiODYzNGVlMiJ9\">\n\t\t\t\t\t<div class=\"e-gallery-image elementor-gallery-item__image\" data-thumbnail=\"https:\/\/todomada.com\/wp-content\/uploads\/2024\/02\/todo-madagascar-0014-500x281.jpg\" data-width=\"500\" data-height=\"281\" aria-label=\"\" role=\"img\" ><\/div>\n\t\t\t\t\t\t\t\t\t\t\t<div class=\"elementor-gallery-item__overlay\"><\/div>\n\t\t\t\t\t\t\t\t\t\t\t\t\t\t<\/a>\n\t\t\t\t\t<\/div>\n\t\t\t\t\t<\/div>\n\t\t\t\t<\/div>\n\t\t\t\t\t<\/div>\n\t\t\t\t<\/div>\n\t\t<div class=\"elementor-element elementor-element-7b80cd3 e-flex e-con-boxed e-con e-parent\" data-id=\"7b80cd3\" data-element_type=\"container\" data-e-type=\"container\" data-settings=\"{&quot;ekit_has_onepagescroll_dot&quot;:&quot;yes&quot;}\">\n\t\t\t\t\t<div class=\"e-con-inner\">\n\t\t\t\t<div class=\"elementor-element elementor-element-4c82957 elementor-widget elementor-widget-shortcode\" data-id=\"4c82957\" data-element_type=\"widget\" data-e-type=\"widget\" data-settings=\"{&quot;ekit_we_effect_on&quot;:&quot;none&quot;}\" data-widget_type=\"shortcode.default\">\n\t\t\t\t<div class=\"elementor-widget-container\">\n\t\t\t\t\t\t\t<div class=\"elementor-shortcode\">\n<div class=\"wpcf7 no-js\" id=\"wpcf7-f1-o1\" lang=\"fr-FR\" dir=\"ltr\" data-wpcf7-id=\"1\">\n<div class=\"screen-reader-response\"><p role=\"status\" aria-live=\"polite\" aria-atomic=\"true\"><\/p> <ul><\/ul><\/div>\n<form action=\"\/en\/wp-json\/wp\/v2\/pages\/581#wpcf7-f1-o1\" method=\"post\" class=\"wpcf7-form init\" aria-label=\"Contact form\" novalidate=\"novalidate\" data-status=\"init\" data-trp-original-action=\"\/en\/wp-json\/wp\/v2\/pages\/581#wpcf7-f1-o1\">\n<fieldset class=\"hidden-fields-container\"><input type=\"hidden\" name=\"_wpcf7\" value=\"1\" \/><input type=\"hidden\" name=\"_wpcf7_version\" value=\"6.1.5\" \/><input type=\"hidden\" name=\"_wpcf7_locale\" value=\"fr_FR\" \/><input type=\"hidden\" name=\"_wpcf7_unit_tag\" value=\"wpcf7-f1-o1\" \/><input type=\"hidden\" name=\"_wpcf7_container_post\" value=\"0\" \/><input type=\"hidden\" name=\"_wpcf7_posted_data_hash\" value=\"\" \/>\n<\/fieldset>\n<p><label> Your name<br \/>\n<span class=\"wpcf7-form-control-wrap\" data-name=\"your-name\"><input size=\"40\" maxlength=\"400\" class=\"wpcf7-form-control wpcf7-text wpcf7-validates-as-required\" autocomplete=\"name\" aria-required=\"true\" aria-invalid=\"false\" value=\"\" type=\"text\" name=\"your-name\" \/><\/span> <\/label>\n<\/p>\n<p><label> Your e-mail<br \/>\n<span class=\"wpcf7-form-control-wrap\" data-name=\"your-email\"><input size=\"40\" maxlength=\"400\" class=\"wpcf7-form-control wpcf7-email wpcf7-validates-as-required wpcf7-text wpcf7-validates-as-email\" autocomplete=\"email\" aria-required=\"true\" aria-invalid=\"false\" value=\"\" type=\"email\" name=\"your-email\" \/><\/span> <\/label>\n<\/p>\n<p><label> Object<br \/>\n<span class=\"wpcf7-form-control-wrap\" data-name=\"your-subject\"><input size=\"40\" maxlength=\"400\" class=\"wpcf7-form-control wpcf7-text wpcf7-validates-as-required\" aria-required=\"true\" aria-invalid=\"false\" value=\"\" type=\"text\" name=\"your-subject\" \/><\/span> <\/label>\n<\/p>\n<p><label> Your message (optional)<br \/>\n<span class=\"wpcf7-form-control-wrap\" data-name=\"your-message\"><textarea cols=\"40\" rows=\"10\" maxlength=\"2000\" class=\"wpcf7-form-control wpcf7-textarea\" aria-invalid=\"false\" name=\"your-message\"><\/textarea><\/span> <\/label>\n<\/p>\n<p><input class=\"wpcf7-form-control wpcf7-submit has-spinner\" type=\"submit\" value=\"Send\" \/>\n<\/p><div class=\"wpcf7-response-output\" aria-hidden=\"true\"><\/div>\n<input type=\"hidden\" name=\"trp-form-language\" value=\"en\"\/><\/form>\n<\/div>\n<\/div>\n\t\t\t\t\t\t<\/div>\n\t\t\t\t<\/div>\n\t\t\t\t\t<\/div>\n\t\t\t\t<\/div>\n\t\t\t\t<\/div>\n\t\t\n    <div class=\"xs_social_share_widget xs_share_url after_content \t\tmain_content  wslu-style-1 wslu-share-box-shaped wslu-fill-colored wslu-none wslu-share-horizontal wslu-theme-font-no wslu-main_content\">\n\n\t\t\n        <ul>\n\t\t\t        <\/ul>\n    <\/div>","protected":false},"excerpt":{"rendered":"<p>Explorez les immenses \u00e9tendues de sable blanc et les eaux cristallines d&rsquo;Ifaty, tout en d\u00e9couvrant les merveilles de la for\u00eat environnante en fatbike. Cette exp\u00e9rience unique<span class=\"excerpt-hellip\"> [\u2026]<\/span><\/p>\n","protected":false},"author":1,"featured_media":538,"parent":0,"menu_order":0,"comment_status":"closed","ping_status":"closed","template":"","meta":{"footnotes":""},"class_list":["post-581","page","type-page","status-publish","has-post-thumbnail","hentry"],"_links":{"self":[{"href":"https:\/\/todomada.com\/en\/wp-json\/wp\/v2\/pages\/581","targetHints":{"allow":["GET"]}}],"collection":[{"href":"https:\/\/todomada.com\/en\/wp-json\/wp\/v2\/pages"}],"about":[{"href":"https:\/\/todomada.com\/en\/wp-json\/wp\/v2\/types\/page"}],"author":[{"embeddable":true,"href":"https:\/\/todomada.com\/en\/wp-json\/wp\/v2\/users\/1"}],"replies":[{"embeddable":true,"href":"https:\/\/todomada.com\/en\/wp-json\/wp\/v2\/comments?post=581"}],"version-history":[{"count":32,"href":"https:\/\/todomada.com\/en\/wp-json\/wp\/v2\/pages\/581\/revisions"}],"predecessor-version":[{"id":640,"href":"https:\/\/todomada.com\/en\/wp-json\/wp\/v2\/pages\/581\/revisions\/640"}],"wp:featuredmedia":[{"embeddable":true,"href":"https:\/\/todomada.com\/en\/wp-json\/wp\/v2\/media\/538"}],"wp:attachment":[{"href":"https:\/\/todomada.com\/en\/wp-json\/wp\/v2\/media?parent=581"}],"curies":[{"name":"wp","href":"https:\/\/api.w.org\/{rel}","templated":true}]}}